{"id":586,"date":"2023-12-09T17:42:00","date_gmt":"2023-12-09T16:42:00","guid":{"rendered":"https:\/\/wunderweltmyxomyceten.site\/about-me-3\/"},"modified":"2024-05-25T11:32:49","modified_gmt":"2024-05-25T10:32:49","slug":"workshops","status":"publish","type":"page","link":"https:\/\/wunderweltmyxomyceten.site\/de\/workshops\/","title":{"rendered":"Workshops"},"content":{"rendered":"<p>[et_pb_section fb_built=&#8221;1&#8243; admin_label=&#8221;Header&#8221; _builder_version=&#8221;4.20.0&#8243; _module_preset=&#8221;default&#8221; min_height=&#8221;195px&#8221; custom_padding=&#8221;31px|||||&#8221; collapsed=&#8221;on&#8221; global_colors_info=&#8221;{}&#8221;][et_pb_row _builder_version=&#8221;4.20.0&#8243; _module_preset=&#8221;default&#8221; global_colors_info=&#8221;{}&#8221;][et_pb_column type=&#8221;4_4&#8243; _builder_version=&#8221;4.20.0&#8243; _module_preset=&#8221;default&#8221; global_colors_info=&#8221;{}&#8221;][et_pb_text _builder_version=&#8221;4.25.1&#8243; _module_preset=&#8221;70805811-7266-4aa4-8773-b27160fa1aea&#8221; text_font=&#8221;Nunito||||||||&#8221; link_text_align=&#8221;left&#8221; ul_text_align=&#8221;left&#8221; header_font=&#8221;Nunito|||on|||||&#8221; header_font_size_tablet=&#8221;&#8221; header_font_size_phone=&#8221;37px&#8221; header_font_size_last_edited=&#8221;on|phone&#8221; global_colors_info=&#8221;{}&#8221;]<\/p>\n<h1>Workshops<\/h1>\n<p>[\/et_pb_text][\/et_pb_column][\/et_pb_row][et_pb_row column_structure=&#8221;1_2,1_2&#8243; _builder_version=&#8221;4.25.1&#8243; _module_preset=&#8221;default&#8221; background_color=&#8221;#73553c&#8221; module_alignment=&#8221;center&#8221; global_colors_info=&#8221;{}&#8221;][et_pb_column type=&#8221;1_2&#8243; _builder_version=&#8221;4.23.4&#8243; _module_preset=&#8221;default&#8221; global_colors_info=&#8221;{}&#8221;][et_pb_text _builder_version=&#8221;4.25.1&#8243; _module_preset=&#8221;default&#8221; text_font=&#8221;Nunito||||||||&#8221; custom_margin=&#8221;|||12px||&#8221; custom_padding=&#8221;|19px|19px|6px||&#8221; global_colors_info=&#8221;{}&#8221;]<\/p>\n<p style=\"text-align: left;\"><span style=\"color: #ffffff;\">Auffinden und Vermittlung von grundlegendem Wissen bzgl. Schleimpilzen im Generellen sowie das Erlernen von Techniken in der Makrofotografie wie Fokusstacking, Schrittweiten, Beleuchtung etc.<br \/><\/span><\/p>\n<p style=\"text-align: left;\"><span style=\"color: #ffffff;\">W\u00e4hrend des Workshops werden wir eine Tour durch einen regionalen Wald und uns auf die Suche nach Schleimpilzen machen, diese makroskopisch versuchen zu bestimmen und zu fotografieren. Die Fotografie steht w\u00e4hrend des Workshops im Vordergrund.<br \/><\/span><\/p>\n<p style=\"text-align: left;\"><span style=\"color: #ffffff;\">Die Workshops richten sich vorwiegend an Teilnehmer, welche bereits mit der grundlegenden Bedienung ihrer Kamera vertraut sind und in ein weiteres faszinierendes Feld der Fotografie schnuppern m\u00f6chten. Nichtsdestotrotz kommen Anf\u00e4nger ebenfalls vollends auf ihre Kosten.<br \/><\/span><\/p>\n<p style=\"text-align: left;\"><span style=\"color: #ffffff;\">Kursleitung: M.Sc. Marius M\u00fc\u00dfler <\/span><span style=\"color: #ffffff;\"><\/span><\/p>\n<p>[\/et_pb_text][\/et_pb_column][et_pb_column type=&#8221;1_2&#8243; _builder_version=&#8221;4.25.1&#8243; _module_preset=&#8221;default&#8221; background_color=&#8221;#FFFFFF&#8221; global_colors_info=&#8221;{}&#8221;][et_pb_image src=&#8221;http:\/\/wunderweltmyxomyceten.site\/wp-content\/uploads\/2024\/05\/Wald1.jpg&#8221; title_text=&#8221;Wald1&#8243; align=&#8221;center&#8221; _builder_version=&#8221;4.25.1&#8243; _module_preset=&#8221;default&#8221; global_colors_info=&#8221;{}&#8221;][\/et_pb_image][\/et_pb_column][\/et_pb_row][et_pb_row column_structure=&#8221;1_2,1_2&#8243; make_equal=&#8221;on&#8221; _builder_version=&#8221;4.25.1&#8243; _module_preset=&#8221;default&#8221; background_color=&#8221;#FFFFFF&#8221; box_shadow_style=&#8221;preset4&#8243; box_shadow_blur=&#8221;80px&#8221; box_shadow_spread=&#8221;-80px&#8221; box_shadow_color=&#8221;#787F84&#8243; global_colors_info=&#8221;{}&#8221;][et_pb_column type=&#8221;1_2&#8243; _builder_version=&#8221;4.25.1&#8243; _module_preset=&#8221;default&#8221; custom_padding=&#8221;20px|20px|20px|20px|false|false&#8221; border_radii=&#8221;on|10px|10px|10px|10px&#8221; border_color_right=&#8221;#000000&#8243; box_shadow_style=&#8221;preset4&#8243; box_shadow_blur=&#8221;20px&#8221; box_shadow_color=&#8221;gcid-1073567f-78d9-4845-ad61-65129b5d8918&#8243; global_colors_info=&#8221;{%22gcid-1073567f-78d9-4845-ad61-65129b5d8918%22:%91%22box_shadow_color%22%93}&#8221;][et_pb_heading title=&#8221;Termine&#8221; _builder_version=&#8221;4.25.1&#8243; _module_preset=&#8221;default&#8221; custom_margin=&#8221;||||false|false&#8221; global_colors_info=&#8221;{}&#8221;][\/et_pb_heading][et_pb_text _builder_version=&#8221;4.25.1&#8243; _module_preset=&#8221;default&#8221; custom_padding=&#8221;||0px|||&#8221; global_colors_info=&#8221;{}&#8221;]<\/p>\n<p><span style=\"color: #000000;\">Termine verf\u00fcgbar auf Anfrage via Email.<\/span><\/p>\n<p><span style=\"color: #000000;\">Grunds\u00e4tzlich sind Workshops das ganze Jahr je nach Wetterlage verf\u00fcgbar.<\/span><\/p>\n<p><span style=\"color: #ffffff;\"><strong><span style=\"color: #000000;\">Bitte mindestens zwei Wochen im Voraus anfragen.<\/span> anfragen.<\/strong><\/span><\/p>\n<p>[\/et_pb_text][\/et_pb_column][et_pb_column type=&#8221;1_2&#8243; _builder_version=&#8221;4.25.1&#8243; _module_preset=&#8221;default&#8221; custom_padding=&#8221;20px|20px|5px|20px|false|false&#8221; border_radii=&#8221;on|10px|10px|10px|10px&#8221; border_color_right=&#8221;#000000&#8243; box_shadow_style=&#8221;preset4&#8243; box_shadow_blur=&#8221;20px&#8221; box_shadow_color=&#8221;gcid-1073567f-78d9-4845-ad61-65129b5d8918&#8243; global_colors_info=&#8221;{%22gcid-1073567f-78d9-4845-ad61-65129b5d8918%22:%91%22box_shadow_color%22%93}&#8221;][et_pb_heading title=&#8221;Ort&#8221; _builder_version=&#8221;4.25.1&#8243; _module_preset=&#8221;default&#8221; global_colors_info=&#8221;{}&#8221;][\/et_pb_heading][et_pb_text _builder_version=&#8221;4.25.1&#8243; _module_preset=&#8221;default&#8221; global_colors_info=&#8221;{}&#8221;]<\/p>\n<p>Ulm (89075) oder Biberach an der Ri\u00df (88400) und Umgebung.<\/p>\n<p>Der Treffpunkt wird vor Kursbeginn via Email kommuniziert.<\/p>\n<p>Auf Wunsch auch in Ihrer Umgebung bei \u00dcbernahme der Fahrtkosten.<\/p>\n<p>&nbsp;<\/p>\n<p>[\/et_pb_text][\/et_pb_column][\/et_pb_row][et_pb_row make_equal=&#8221;on&#8221; _builder_version=&#8221;4.25.1&#8243; _module_preset=&#8221;default&#8221; background_color=&#8221;RGBA(255,255,255,0)&#8221; custom_margin=&#8221;0px||||false|false&#8221; global_colors_info=&#8221;{}&#8221;][et_pb_column type=&#8221;4_4&#8243; _builder_version=&#8221;4.25.1&#8243; _module_preset=&#8221;default&#8221; global_colors_info=&#8221;{}&#8221;][et_pb_pricing_tables _builder_version=&#8221;4.25.1&#8243; _module_preset=&#8221;default&#8221; custom_padding=&#8221;||||false|false&#8221; custom_css_free_form=&#8221;.et_pb_pricing_table_wrap {||    align-items: normal;||}&#8221; border_radii=&#8221;on|10px|10px|10px|10px&#8221; box_shadow_style=&#8221;preset4&#8243; box_shadow_blur=&#8221;80px&#8221; box_shadow_spread=&#8221;-35px&#8221; global_colors_info=&#8221;{}&#8221;][et_pb_pricing_table title=&#8221;Einzel-Workshop&#8221; subtitle=&#8221;Festpreis&#8221; currency=&#8221;\u20ac&#8221; sum=&#8221;175&#8243; _builder_version=&#8221;4.25.1&#8243; _module_preset=&#8221;default&#8221; custom_padding=&#8221;||||false|false&#8221; global_colors_info=&#8221;{}&#8221; sticky_transition=&#8221;on&#8221;]<\/p>\n<p>+ Dauer: 8 Stunden (8:00-16:00)<\/p>\n<p>+ Datum wird individuell vereinbart via Email<\/p>\n<p>[\/et_pb_pricing_table][et_pb_pricing_table title=&#8221;Gruppen-Workshop&#8221; subtitle=&#8221;Preis pro Person&#8221; currency=&#8221;\u20ac&#8221; sum=&#8221;125&#8243; _builder_version=&#8221;4.25.1&#8243; _module_preset=&#8221;default&#8221; global_colors_info=&#8221;{}&#8221; sticky_transition=&#8221;on&#8221;]<\/p>\n<p>+ Ab zwei Personen<\/p>\n<p>+ Maximale Gruppen-Gr\u00f6\u00dfe: 5 Personen<\/p>\n<p>+ Dauer: 8 Stunden (8:00-16:00)<\/p>\n<p>+ Datum wird individuell vereinbart via Email<\/p>\n<p>[\/et_pb_pricing_table][\/et_pb_pricing_tables][\/et_pb_column][\/et_pb_row][et_pb_row _builder_version=&#8221;4.25.1&#8243; _module_preset=&#8221;default&#8221; global_colors_info=&#8221;{}&#8221;][et_pb_column type=&#8221;4_4&#8243; _builder_version=&#8221;4.25.1&#8243; _module_preset=&#8221;default&#8221; global_colors_info=&#8221;{}&#8221;][et_pb_button button_url=&#8221;mailto:macro.rius@gmail.com&#8221; button_text=&#8221;Workshop buchen&#8221; button_alignment=&#8221;center&#8221; _builder_version=&#8221;4.25.1&#8243; _module_preset=&#8221;default&#8221; hover_enabled=&#8221;0&#8243; global_colors_info=&#8221;{}&#8221; sticky_enabled=&#8221;0&#8243;][\/et_pb_button][\/et_pb_column][\/et_pb_row][et_pb_row _builder_version=&#8221;4.25.1&#8243; _module_preset=&#8221;default&#8221; global_colors_info=&#8221;{}&#8221;][et_pb_column type=&#8221;4_4&#8243; _builder_version=&#8221;4.25.1&#8243; _module_preset=&#8221;default&#8221; global_colors_info=&#8221;{}&#8221;][et_pb_heading title=&#8221;Bezahlung&#8221; _builder_version=&#8221;4.25.1&#8243; _module_preset=&#8221;default&#8221; global_colors_info=&#8221;{}&#8221;][\/et_pb_heading][et_pb_text _builder_version=&#8221;4.25.1&#8243; _module_preset=&#8221;default&#8221; global_colors_info=&#8221;{}&#8221;]<\/p>\n<p>Die Kursanmeldung ist verbindlich. Bei Kursanmeldung wird mindestens die H\u00e4lfte des Betrages per \u00dcberweisung sofort f\u00e4llig (Kontodaten werden via Email bereitgestellt).<\/p>\n<p>Falls gew\u00fcnscht kann auch direkt der volle Betrag entrichtet werden. Der Restbetrag ist zu Beginn des Workshops bar zu entrichten. Sie erhalten bei Kursbeginn eine Quittung f\u00fcr die Teilnahmekosten.<\/p>\n<p><strong>Bei Absagen bis drei Tage vor Kursbeginn oder gar unentschuldigtem Fehlen, wird der gesamte Kursbetrag nicht erstattet.<\/strong><\/p>\n<p>[\/et_pb_text][\/et_pb_column][\/et_pb_row][et_pb_row column_structure=&#8221;1_2,1_2&#8243; _builder_version=&#8221;4.25.1&#8243; _module_preset=&#8221;default&#8221; global_colors_info=&#8221;{}&#8221;][et_pb_column type=&#8221;1_2&#8243; _builder_version=&#8221;4.25.1&#8243; _module_preset=&#8221;default&#8221; global_colors_info=&#8221;{}&#8221;][et_pb_heading title=&#8221;Mitzubringen sind&#8221; _builder_version=&#8221;4.25.1&#8243; _module_preset=&#8221;default&#8221; global_colors_info=&#8221;{}&#8221;][\/et_pb_heading][et_pb_text _builder_version=&#8221;4.25.1&#8243; _module_preset=&#8221;default&#8221; global_colors_info=&#8221;{}&#8221;]<\/p>\n<ul>\n<li>Kamera<\/li>\n<li>ausreichend Akkus &amp; SD-Karten)<\/li>\n<li>Makroobjektiv (min. 1:1 Abbildungsma\u00dfstab)<\/li>\n<li>Makroschlitten (wenn vorhanden)<\/li>\n<li>Fernausl\u00f6ser<\/li>\n<li>Zus\u00e4tzliche Lichtquellen (Blitz, LED-Panels etc. wenn vorhanden)<\/li>\n<li>Stativ f\u00fcr bodennahes Arbeiten<\/li>\n<li>Taschenlampe<\/li>\n<li>Wetterfeste Kleidung<\/li>\n<li>Verpflegung<\/li>\n<\/ul>\n<p>[\/et_pb_text][\/et_pb_column][et_pb_column type=&#8221;1_2&#8243; _builder_version=&#8221;4.25.1&#8243; _module_preset=&#8221;default&#8221; global_colors_info=&#8221;{}&#8221;][et_pb_heading title=&#8221;Bitte beachten&#8221; _builder_version=&#8221;4.25.1&#8243; _module_preset=&#8221;default&#8221; global_colors_info=&#8221;{}&#8221;][\/et_pb_heading][et_pb_text _builder_version=&#8221;4.25.1&#8243; _module_preset=&#8221;default&#8221; global_colors_info=&#8221;{}&#8221;]<\/p>\n<p><em>Da die Fotografie von Schleimpilzen (Myxomyceten) der Naturfotografie zuzuordnen ist, kann nicht garantiert werden, dass auch Arten vor Ort <\/em><em>gefunden werden (abh\u00e4ngig von lokalen Gegebenheiten, Wetterlage der letzten <\/em><em>Wochen etc.). <\/em><\/p>\n<p><em>Falls dieser Fall eintreten sollte, wird der Workshop sich \u00fcberwiegend <\/em><em>mit der Makrofotografie im generellen (Fokusstacking, Techniken etc.) anhand von vor Ort auffindbaren Fotoobjekten beschaffen. <\/em><\/p>\n<p>[\/et_pb_text][\/et_pb_column][\/et_pb_row][\/et_pb_section][et_pb_section fb_built=&#8221;1&#8243; admin_label=&#8221;Testimonials&#8221; _builder_version=&#8221;4.20.0&#8243; _module_preset=&#8221;default&#8221; custom_margin=&#8221;-78px|||||&#8221; custom_padding=&#8221;24px||0px|||&#8221; collapsed=&#8221;on&#8221; global_colors_info=&#8221;{}&#8221;][et_pb_row _builder_version=&#8221;4.23.4&#8243; _module_preset=&#8221;default&#8221; custom_margin=&#8221;15px|auto||auto||&#8221; custom_padding=&#8221;3px|||||&#8221; global_colors_info=&#8221;{}&#8221;][et_pb_column type=&#8221;4_4&#8243; _builder_version=&#8221;4.23.4&#8243; _module_preset=&#8221;default&#8221; global_colors_info=&#8221;{}&#8221;][et_pb_image src=&#8221;http:\/\/wunderweltmyxomyceten.site\/wp-content\/uploads\/2023\/12\/MM.jpg&#8221; title_text=&#8221;MM&#8221; align=&#8221;center&#8221; _builder_version=&#8221;4.25.1&#8243; _module_preset=&#8221;default&#8221; width=&#8221;100%&#8221; max_width=&#8221;85%&#8221; module_alignment=&#8221;center&#8221; global_colors_info=&#8221;{}&#8221;][\/et_pb_image][\/et_pb_column][\/et_pb_row][\/et_pb_section]<\/p>\n","protected":false},"excerpt":{"rendered":"<p>WorkshopsAuffinden und Vermittlung von grundlegendem Wissen bzgl. Schleimpilzen im Generellen sowie das Erlernen von Techniken in der Makrofotografie wie Fokusstacking, Schrittweiten, Beleuchtung etc. W\u00e4hrend des Workshops werden wir eine Tour durch einen regionalen Wald und uns auf die Suche nach Schleimpilzen machen, diese makroskopisch versuchen zu bestimmen und zu fotografieren. Die Fotografie steht w\u00e4hrend des [&hellip;]<\/p>\n","protected":false},"author":1,"featured_media":252,"parent":0,"menu_order":0,"comment_status":"closed","ping_status":"closed","template":"","meta":{"_et_pb_use_builder":"on","_et_pb_old_content":"","_et_gb_content_width":"","footnotes":""},"class_list":["post-586","page","type-page","status-publish","has-post-thumbnail","hentry"],"yoast_head":"<!-- This site is optimized with the Yoast SEO plugin v27.4 - https:\/\/yoast.com\/product\/yoast-seo-wordpress\/ -->\n<title>Workshops - Marius M\u00fc\u00dfler<\/title>\n<meta name=\"description\" content=\"Auffinden und Vermittlung von grundlegendem Wissen bzgl. Schleimpilzen im Generellen sowie das Erlernen von Techniken in der Makrofotografie wie Fokusstacking, Schrittweiten, Beleuchtung etc. W\u00e4hrend des Workshops werden wir eine Tour durch einen regionalen Wald und uns auf die Suche nach Schleimpilzen machen, diese makroskopisch versuchen zu bestimmen und zu fotografieren. Die Fotografie steht w\u00e4hrend des Workshops im Vordergrund. Die Workshops richten sich vorwiegend an Teilnehmer, welche bereits mit der grundlegenden Bedienung ihrer Kamera vertraut sind und in ein weiteres faszinierendes Feld der Fotografie schnuppern m\u00f6chten. Nichtsdestotrotz kommen Anf\u00e4nger ebenfalls vollends auf ihre Kosten. Kursleitung: M.Sc. Marius M\u00fc\u00dfler\" \/>\n<meta name=\"robots\" content=\"index, follow, max-snippet:-1, max-image-preview:large, max-video-preview:-1\" \/>\n<link rel=\"canonical\" href=\"https:\/\/wunderweltmyxomyceten.site\/de\/workshops\/\" \/>\n<meta property=\"og:locale\" content=\"de_DE\" \/>\n<meta property=\"og:type\" content=\"article\" \/>\n<meta property=\"og:title\" content=\"Workshops - Marius M\u00fc\u00dfler\" \/>\n<meta property=\"og:description\" content=\"Auffinden und Vermittlung von grundlegendem Wissen bzgl. Schleimpilzen im Generellen sowie das Erlernen von Techniken in der Makrofotografie wie Fokusstacking, Schrittweiten, Beleuchtung etc. W\u00e4hrend des Workshops werden wir eine Tour durch einen regionalen Wald und uns auf die Suche nach Schleimpilzen machen, diese makroskopisch versuchen zu bestimmen und zu fotografieren. Die Fotografie steht w\u00e4hrend des Workshops im Vordergrund. Die Workshops richten sich vorwiegend an Teilnehmer, welche bereits mit der grundlegenden Bedienung ihrer Kamera vertraut sind und in ein weiteres faszinierendes Feld der Fotografie schnuppern m\u00f6chten. Nichtsdestotrotz kommen Anf\u00e4nger ebenfalls vollends auf ihre Kosten. Kursleitung: M.Sc. Marius M\u00fc\u00dfler\" \/>\n<meta property=\"og:url\" content=\"https:\/\/wunderweltmyxomyceten.site\/de\/workshops\/\" \/>\n<meta property=\"og:site_name\" content=\"Marius M\u00fc\u00dfler\" \/>\n<meta property=\"article:modified_time\" content=\"2024-05-25T10:32:49+00:00\" \/>\n<meta property=\"og:image\" content=\"http:\/\/wunderweltmyxomyceten.site\/wp-content\/uploads\/2023\/12\/MM.jpg\" \/>\n\t<meta property=\"og:image:width\" content=\"500\" \/>\n\t<meta property=\"og:image:height\" content=\"405\" \/>\n\t<meta property=\"og:image:type\" content=\"image\/jpeg\" \/>\n<meta name=\"twitter:card\" content=\"summary_large_image\" \/>\n<script type=\"application\/ld+json\" class=\"yoast-schema-graph\">{\"@context\":\"https:\\\/\\\/schema.org\",\"@graph\":[{\"@type\":\"WebPage\",\"@id\":\"https:\\\/\\\/wunderweltmyxomyceten.site\\\/workshops\\\/\",\"url\":\"https:\\\/\\\/wunderweltmyxomyceten.site\\\/workshops\\\/\",\"name\":\"Workshops - Marius M\u00fc\u00dfler\",\"isPartOf\":{\"@id\":\"https:\\\/\\\/wunderweltmyxomyceten.site\\\/#website\"},\"primaryImageOfPage\":{\"@id\":\"https:\\\/\\\/wunderweltmyxomyceten.site\\\/workshops\\\/#primaryimage\"},\"image\":{\"@id\":\"https:\\\/\\\/wunderweltmyxomyceten.site\\\/workshops\\\/#primaryimage\"},\"thumbnailUrl\":\"https:\\\/\\\/wunderweltmyxomyceten.site\\\/wp-content\\\/uploads\\\/2023\\\/12\\\/MM.jpg\",\"datePublished\":\"2023-12-09T16:42:00+00:00\",\"dateModified\":\"2024-05-25T10:32:49+00:00\",\"description\":\"Auffinden und Vermittlung von grundlegendem Wissen bzgl. Schleimpilzen im Generellen sowie das Erlernen von Techniken in der Makrofotografie wie Fokusstacking, Schrittweiten, Beleuchtung etc. W\u00e4hrend des Workshops werden wir eine Tour durch einen regionalen Wald und uns auf die Suche nach Schleimpilzen machen, diese makroskopisch versuchen zu bestimmen und zu fotografieren. Die Fotografie steht w\u00e4hrend des Workshops im Vordergrund. Die Workshops richten sich vorwiegend an Teilnehmer, welche bereits mit der grundlegenden Bedienung ihrer Kamera vertraut sind und in ein weiteres faszinierendes Feld der Fotografie schnuppern m\u00f6chten. Nichtsdestotrotz kommen Anf\u00e4nger ebenfalls vollends auf ihre Kosten. Kursleitung: M.Sc. Marius M\u00fc\u00dfler\",\"breadcrumb\":{\"@id\":\"https:\\\/\\\/wunderweltmyxomyceten.site\\\/workshops\\\/#breadcrumb\"},\"inLanguage\":\"de\",\"potentialAction\":[{\"@type\":\"ReadAction\",\"target\":[\"https:\\\/\\\/wunderweltmyxomyceten.site\\\/workshops\\\/\"]}]},{\"@type\":\"ImageObject\",\"inLanguage\":\"de\",\"@id\":\"https:\\\/\\\/wunderweltmyxomyceten.site\\\/workshops\\\/#primaryimage\",\"url\":\"https:\\\/\\\/wunderweltmyxomyceten.site\\\/wp-content\\\/uploads\\\/2023\\\/12\\\/MM.jpg\",\"contentUrl\":\"https:\\\/\\\/wunderweltmyxomyceten.site\\\/wp-content\\\/uploads\\\/2023\\\/12\\\/MM.jpg\",\"width\":500,\"height\":405},{\"@type\":\"BreadcrumbList\",\"@id\":\"https:\\\/\\\/wunderweltmyxomyceten.site\\\/workshops\\\/#breadcrumb\",\"itemListElement\":[{\"@type\":\"ListItem\",\"position\":1,\"name\":\"Home\",\"item\":\"https:\\\/\\\/wunderweltmyxomyceten.site\\\/\"},{\"@type\":\"ListItem\",\"position\":2,\"name\":\"Workshops\"}]},{\"@type\":\"WebSite\",\"@id\":\"https:\\\/\\\/wunderweltmyxomyceten.site\\\/#website\",\"url\":\"https:\\\/\\\/wunderweltmyxomyceten.site\\\/\",\"name\":\"Marius M\u00fc\u00dfler\",\"description\":\"Wunderwelt Myxomyceten\",\"alternateName\":\"Wunderwelt Myxomyceten\",\"potentialAction\":[{\"@type\":\"SearchAction\",\"target\":{\"@type\":\"EntryPoint\",\"urlTemplate\":\"https:\\\/\\\/wunderweltmyxomyceten.site\\\/?s={search_term_string}\"},\"query-input\":{\"@type\":\"PropertyValueSpecification\",\"valueRequired\":true,\"valueName\":\"search_term_string\"}}],\"inLanguage\":\"de\"}]}<\/script>\n<!-- \/ Yoast SEO plugin. -->","yoast_head_json":{"title":"Workshops - Marius M\u00fc\u00dfler","description":"Auffinden und Vermittlung von grundlegendem Wissen bzgl. Schleimpilzen im Generellen sowie das Erlernen von Techniken in der Makrofotografie wie Fokusstacking, Schrittweiten, Beleuchtung etc. W\u00e4hrend des Workshops werden wir eine Tour durch einen regionalen Wald und uns auf die Suche nach Schleimpilzen machen, diese makroskopisch versuchen zu bestimmen und zu fotografieren. Die Fotografie steht w\u00e4hrend des Workshops im Vordergrund. Die Workshops richten sich vorwiegend an Teilnehmer, welche bereits mit der grundlegenden Bedienung ihrer Kamera vertraut sind und in ein weiteres faszinierendes Feld der Fotografie schnuppern m\u00f6chten. Nichtsdestotrotz kommen Anf\u00e4nger ebenfalls vollends auf ihre Kosten. Kursleitung: M.Sc. Marius M\u00fc\u00dfler","robots":{"index":"index","follow":"follow","max-snippet":"max-snippet:-1","max-image-preview":"max-image-preview:large","max-video-preview":"max-video-preview:-1"},"canonical":"https:\/\/wunderweltmyxomyceten.site\/de\/workshops\/","og_locale":"de_DE","og_type":"article","og_title":"Workshops - Marius M\u00fc\u00dfler","og_description":"Auffinden und Vermittlung von grundlegendem Wissen bzgl. Schleimpilzen im Generellen sowie das Erlernen von Techniken in der Makrofotografie wie Fokusstacking, Schrittweiten, Beleuchtung etc. W\u00e4hrend des Workshops werden wir eine Tour durch einen regionalen Wald und uns auf die Suche nach Schleimpilzen machen, diese makroskopisch versuchen zu bestimmen und zu fotografieren. Die Fotografie steht w\u00e4hrend des Workshops im Vordergrund. Die Workshops richten sich vorwiegend an Teilnehmer, welche bereits mit der grundlegenden Bedienung ihrer Kamera vertraut sind und in ein weiteres faszinierendes Feld der Fotografie schnuppern m\u00f6chten. Nichtsdestotrotz kommen Anf\u00e4nger ebenfalls vollends auf ihre Kosten. Kursleitung: M.Sc. Marius M\u00fc\u00dfler","og_url":"https:\/\/wunderweltmyxomyceten.site\/de\/workshops\/","og_site_name":"Marius M\u00fc\u00dfler","article_modified_time":"2024-05-25T10:32:49+00:00","og_image":[{"width":500,"height":405,"url":"http:\/\/wunderweltmyxomyceten.site\/wp-content\/uploads\/2023\/12\/MM.jpg","type":"image\/jpeg"}],"twitter_card":"summary_large_image","schema":{"@context":"https:\/\/schema.org","@graph":[{"@type":"WebPage","@id":"https:\/\/wunderweltmyxomyceten.site\/workshops\/","url":"https:\/\/wunderweltmyxomyceten.site\/workshops\/","name":"Workshops - Marius M\u00fc\u00dfler","isPartOf":{"@id":"https:\/\/wunderweltmyxomyceten.site\/#website"},"primaryImageOfPage":{"@id":"https:\/\/wunderweltmyxomyceten.site\/workshops\/#primaryimage"},"image":{"@id":"https:\/\/wunderweltmyxomyceten.site\/workshops\/#primaryimage"},"thumbnailUrl":"https:\/\/wunderweltmyxomyceten.site\/wp-content\/uploads\/2023\/12\/MM.jpg","datePublished":"2023-12-09T16:42:00+00:00","dateModified":"2024-05-25T10:32:49+00:00","description":"Auffinden und Vermittlung von grundlegendem Wissen bzgl. Schleimpilzen im Generellen sowie das Erlernen von Techniken in der Makrofotografie wie Fokusstacking, Schrittweiten, Beleuchtung etc. W\u00e4hrend des Workshops werden wir eine Tour durch einen regionalen Wald und uns auf die Suche nach Schleimpilzen machen, diese makroskopisch versuchen zu bestimmen und zu fotografieren. Die Fotografie steht w\u00e4hrend des Workshops im Vordergrund. Die Workshops richten sich vorwiegend an Teilnehmer, welche bereits mit der grundlegenden Bedienung ihrer Kamera vertraut sind und in ein weiteres faszinierendes Feld der Fotografie schnuppern m\u00f6chten. Nichtsdestotrotz kommen Anf\u00e4nger ebenfalls vollends auf ihre Kosten. Kursleitung: M.Sc. Marius M\u00fc\u00dfler","breadcrumb":{"@id":"https:\/\/wunderweltmyxomyceten.site\/workshops\/#breadcrumb"},"inLanguage":"de","potentialAction":[{"@type":"ReadAction","target":["https:\/\/wunderweltmyxomyceten.site\/workshops\/"]}]},{"@type":"ImageObject","inLanguage":"de","@id":"https:\/\/wunderweltmyxomyceten.site\/workshops\/#primaryimage","url":"https:\/\/wunderweltmyxomyceten.site\/wp-content\/uploads\/2023\/12\/MM.jpg","contentUrl":"https:\/\/wunderweltmyxomyceten.site\/wp-content\/uploads\/2023\/12\/MM.jpg","width":500,"height":405},{"@type":"BreadcrumbList","@id":"https:\/\/wunderweltmyxomyceten.site\/workshops\/#breadcrumb","itemListElement":[{"@type":"ListItem","position":1,"name":"Home","item":"https:\/\/wunderweltmyxomyceten.site\/"},{"@type":"ListItem","position":2,"name":"Workshops"}]},{"@type":"WebSite","@id":"https:\/\/wunderweltmyxomyceten.site\/#website","url":"https:\/\/wunderweltmyxomyceten.site\/","name":"Marius M\u00fc\u00dfler","description":"Wunderwelt Myxomyceten","alternateName":"Wunderwelt Myxomyceten","potentialAction":[{"@type":"SearchAction","target":{"@type":"EntryPoint","urlTemplate":"https:\/\/wunderweltmyxomyceten.site\/?s={search_term_string}"},"query-input":{"@type":"PropertyValueSpecification","valueRequired":true,"valueName":"search_term_string"}}],"inLanguage":"de"}]}},"_links":{"self":[{"href":"https:\/\/wunderweltmyxomyceten.site\/de\/wp-json\/wp\/v2\/pages\/586","targetHints":{"allow":["GET"]}}],"collection":[{"href":"https:\/\/wunderweltmyxomyceten.site\/de\/wp-json\/wp\/v2\/pages"}],"about":[{"href":"https:\/\/wunderweltmyxomyceten.site\/de\/wp-json\/wp\/v2\/types\/page"}],"author":[{"embeddable":true,"href":"https:\/\/wunderweltmyxomyceten.site\/de\/wp-json\/wp\/v2\/users\/1"}],"replies":[{"embeddable":true,"href":"https:\/\/wunderweltmyxomyceten.site\/de\/wp-json\/wp\/v2\/comments?post=586"}],"version-history":[{"count":15,"href":"https:\/\/wunderweltmyxomyceten.site\/de\/wp-json\/wp\/v2\/pages\/586\/revisions"}],"predecessor-version":[{"id":621,"href":"https:\/\/wunderweltmyxomyceten.site\/de\/wp-json\/wp\/v2\/pages\/586\/revisions\/621"}],"wp:featuredmedia":[{"embeddable":true,"href":"https:\/\/wunderweltmyxomyceten.site\/de\/wp-json\/wp\/v2\/media\/252"}],"wp:attachment":[{"href":"https:\/\/wunderweltmyxomyceten.site\/de\/wp-json\/wp\/v2\/media?parent=586"}],"curies":[{"name":"wp","href":"https:\/\/api.w.org\/{rel}","templated":true}]}}